{"id":305,"date":"2024-07-17T14:23:44","date_gmt":"2024-07-17T14:23:44","guid":{"rendered":"http:\/\/leoradman.com\/?page_id=305"},"modified":"2024-08-02T10:03:36","modified_gmt":"2024-08-02T10:03:36","slug":"pravne-obavijesti-leo-radman","status":"publish","type":"page","link":"http:\/\/leoradman.com\/hr\/pravne-obavijesti-leo-radman\/","title":{"rendered":"Pravne obavijesti"},"content":{"rendered":"\n<div class=\"wp-block-group is-layout-constrained wp-block-group-is-layout-constrained\">\n<h2 class=\"wp-block-heading has-text-align-center legals-title\">Pravne obavijesti<\/h2>\n\n\n\n<section class=\"acf-wysiwyg-editor \" >\n<div class=\"acf-wysiwyg-desktop\">\n            <p><strong>L\u00e9o Radman<\/strong><br \/>\n27 rue Cl\u00e9ment, 33000 Bordeaux<br \/>\nradmanleo@hotmail.fr<\/p>\n<p><strong>Web dizajn i izrada<\/strong><br \/>\nAgencija S\u00f5<strong>crea<\/strong>tiv\u2019 [ komunikacijski dizajn ]<br \/>\n28, Cr du Mar\u00e9chal Foch ~ Bordeaux<\/p>\n<p><a href=\"https:\/\/agence-communication-bordeaux.com\/\" target=\"_blank\" rel=\"noopener\"><span style=\"text-decoration: underline; color: #3b3b3b;\">S\u00f5<strong>crea<\/strong>tiv\u2019<\/span><\/a> i\u00a0<span style=\"text-decoration: underline; color: #3b3b3b;\"><a style=\"color: #3b3b3b; text-decoration: underline;\" href=\"https:\/\/visiter-barcelone.com\/\" target=\"_blank\" rel=\"noopener\">Visiter-barcelone.com<\/a>,<\/span> registrirani za\u0161titni znak S\u00f5creativ\u2019<\/p>\n<p><strong>Server &amp; Back-up Hosting<\/strong><br \/>\nTvrtka OVH<br \/>\n2 rue Kellermann \u2013 Roubaix<br \/>\nhttp:\/\/ovh.com<\/p>\n<p><strong>Pristup ili rad ove stranice predstavlja prihva\u0107anje ovih odredbi<\/strong><br \/>\nOva stranica i informacije, nazivi, slike, fotografije, logotipi i ikone koji se odnose na ili u vezi s L\u00e9o Radman, u daljnjem tekstu L\u00e9o Radman i\/ili njihovim proizvodima i uslugama <em>(u daljnjem tekstu \u00bb informacije \u00ab)<\/em> nude se \u00ab kao \u0161to je \u00bb i \u00ab ovisno o dostupnosti \u00bb. L\u00e9o Radman ne izjavljuje niti jam\u010di ni na koji na\u010din, eksplicitno ili implicitno, da stranica zadovoljava odre\u0111enu potrebu, da je tr\u017ei\u0161na, da je to\u010dna, pouzdana ili potpuna. Osim toga, L\u00e9o Radman odbija svaku odgovornost ako je stranica ili poslu\u017eitelj koji je \u010dini dostupnom bio opremljen virusom. Publikacije na ovoj stranici mogu sadr\u017eavati neto\u010dnosti tehni\u010dke ili druge prirode ili tipografske pogre\u0161ke koje se mogu ispraviti prema vlastitom naho\u0111enju L\u00e9a Radmana. Sve ispravke i izmjene mogu se kasnije integrirati u ovu stranicu. L\u00e9o Radman mo\u017ee u bilo kojem trenutku izmijeniti, pobolj\u0161ati i\/ili promijeniti uvjete ili informacije predstavljene na ovoj stranici ili proizvode i usluge na koje se upu\u0107uje.<\/p>\n<p><strong>Ograni\u010denje odgovornosti<\/strong><br \/>\nNi pod kojim okolnostima se L\u00e9o Radman ili njegovi suizvo\u0111a\u010di ne\u0107e smatrati odgovornima za bilo kakvu specifi\u010dnu, neizravnu ili izravnu \u0161tetu, ili bilo kakvu \u0161tetu, koja proizlazi iz pristupa stranici, njenog kori\u0161tenja, nemogu\u0107nosti \u2018pristupa, kori\u0161tenja iste ili proizlazi iz bilo kakvih dokumenata, ograni\u010denja ili preporuka i informacija predstavljenih na ovoj stranici. Ova stranica mo\u017ee sadr\u017eavati poveznice ili reference na druge web stranice. Budu\u0107i da se internetom upravlja neovisno na tisu\u0107ama stranica diljem svijeta, informacije kojima korisnik ima pristup mogu potjecati izvan ove stranice i stoga izmi\u010du bilo kakvoj kontroli L\u00e9a Radmana. Stoga ne\u0107e imati nikakvu obvezu ili odgovornost u pogledu sadr\u017eaja dostupnih i dostupnih na Stranici, putem Stranice ili izvan Stranice. Korisnik se obvezuje da ne\u0107e mijenjati, integrirati ili zamijeniti, u cijelosti ili djelomi\u010dno, informacije koje je L\u00e9o Radman predstavio na ovoj stranici.<\/p>\n<p><strong>Primjedbe i priop\u0107enja<br \/>\n<\/strong>Informacije koje se prenose \u00ab na \u00bb stranicu <em>(po\u0161tom, e-po\u0161tom ili na bilo koji drugi na\u010din)<\/em> ne mogu se smatrati povjerljivima. L\u00e9o Radman jedini je primatelj informacija koje se prenose \u00ab na stranicu\u00bb. U skladu sa zakonom od 01\/06\/1978 I\u2019 Internet korisnik ima pravo pristupa, ispravljanja i protivljenja informacijama koje se ti\u010du njega koje mo\u017ee iskoristiti u bilo kojem trenutku na: L\u00e9o Radman \u2013 27 rue Cl\u00e9ment, 33000 Bordeaux<\/p>\n<p>L\u00e9o Radman rado \u0107e primati komentare od korisnika na stranici kao i na njezinim uslugama, ali podrazumijeva se da ne tra\u017ei nikakve prijedloge, ideje ili materijale koji se odnose na razvoj, dizajn, proizvodnju ili marketing navedenih proizvoda.<\/p>\n<p><strong>Zakonodavstvo i nadle\u017ena nadle\u017enost<\/strong><br \/>\nOvi Uvjeti \u0107e se tuma\u010diti i primjenjivati u skladu s francuskim zakonom, osim ako nije druga\u010dije nazna\u010deno prikazano na stranici. Svaki spor koji proizlazi iz tuma\u010denja i primjene navedenih Uvjeta bit \u0107e u isklju\u010divoj nadle\u017enosti sudova u Bordeauxu, osim ako nije druga\u010dije navedeno prikazano na stranici.<\/p>\n<p><strong>Jamstvo naknade \u0161tete<\/strong><br \/>\nKorisnik se obvezuje nadoknaditi Dru\u0161tvu za svaki spor pokrenut protiv njega, ili bilo kakvu \u0161tetu koja rezultira pritu\u017ebom ili \u0161tetom, zbog korisnikovog kriminalnog kori\u0161tenja Stranice. Ova se naknada prote\u017ee na tro\u0161kove postupka, kao i na odvjetni\u010dke naknade i sve tro\u0161kove nastale u kontekstu spora, u razumnom roku.<\/p>\n<p><strong>Intelektualno vlasni\u0161tvo<\/strong><br \/>\nSvi tekstovi, komentari, radovi, ilustracije, radovi i slike reproducirani ili predstavljeni na Stranici strogo su rezervirani pod autorskim pravom kao i intelektualnim vlasni\u0161tvom, za cijelo vrijeme trajanja za\u0161tite ovih prava i za cijeli svijet. Kao takva i u skladu s odredbama Zakonika o intelektualnom vlasni\u0161tvu, dopu\u0161tena je samo uporaba za privatnu uporabu, podlo\u017ena druga\u010dijim ili jo\u0161 restriktivnijim odredbama Zakonika o intelektualnom vlasni\u0161tvu.<\/p>\n<p>Web stranica www.leoradman.com prijavljena je CNIL-u <em>(Nacionalna komisija za informacijsku tehnologiju i slobode)<\/em> pod brojem &#8230; Svaka potpuna ili djelomi\u010dna reprodukcija, predstavljanje, izmjena ili prilagodba Stranice i\/ili svih ili dijela elemenata koji se nalaze na Stranici ili su u njoj ugra\u0111eni strogo je zabranjena.<\/p>\n<p>Korisnici se sla\u017eu da \u0107e dati sve od sebe da prijave &#8230; svako kr\u0161enje prava intelektualnog vlasni\u0161tva koje primijete.<\/p>\n        <\/div>\n    <\/section><\/div>\n\n\n\n<div id=\"block_05ae9a3c752d629b4982071d17cd2aac\" class=\"spacer-block   \" style=\"height: 10vh;\"><\/div>","protected":false},"excerpt":{"rendered":"<p>Pravne obavijesti<\/p>\n","protected":false},"author":1,"featured_media":0,"parent":0,"menu_order":0,"comment_status":"closed","ping_status":"closed","template":"","meta":{"_acf_changed":false,"footnotes":""},"class_list":["post-305","page","type-page","status-publish","hentry"],"acf":[],"yoast_head":"<!-- This site is optimized with the Yoast SEO plugin v23.9 - https:\/\/yoast.com\/wordpress\/plugins\/seo\/ -->\n<title>Pravne obavijesti - Leo Radman<\/title>\n<meta name=\"description\" content=\"Pravne obavijesti. Pristup ili rad ove stranice predstavlja prihva\u0107anje ovih odredbi: Ova stranica i informacije, \u2026\" \/>\n<meta name=\"robots\" content=\"index, follow, max-snippet:-1, max-image-preview:large, max-video-preview:-1\" \/>\n<link rel=\"canonical\" href=\"http:\/\/leoradman.com\/hr\/pravne-obavijesti-leo-radman\/\" \/>\n<meta property=\"og:locale\" content=\"hr_HR\" \/>\n<meta property=\"og:type\" content=\"article\" \/>\n<meta property=\"og:title\" content=\"Pravne obavijesti - Leo Radman\" \/>\n<meta property=\"og:description\" content=\"Pravne obavijesti. Pristup ili rad ove stranice predstavlja prihva\u0107anje ovih odredbi: Ova stranica i informacije, \u2026\" \/>\n<meta property=\"og:url\" content=\"http:\/\/leoradman.com\/hr\/pravne-obavijesti-leo-radman\/\" \/>\n<meta property=\"og:site_name\" content=\"Leo Radman\" \/>\n<meta property=\"article:modified_time\" content=\"2024-08-02T10:03:36+00:00\" \/>\n<meta name=\"twitter:card\" content=\"summary_large_image\" \/>\n<meta name=\"twitter:label1\" content=\"Procijenjeno vrijeme \u010ditanja\" \/>\n\t<meta name=\"twitter:data1\" content=\"1 minuta\" \/>\n<script type=\"application\/ld+json\" class=\"yoast-schema-graph\">{\"@context\":\"https:\/\/schema.org\",\"@graph\":[{\"@type\":\"WebPage\",\"@id\":\"http:\/\/leoradman.com\/hr\/pravne-obavijesti-leo-radman\/\",\"url\":\"http:\/\/leoradman.com\/hr\/pravne-obavijesti-leo-radman\/\",\"name\":\"Pravne obavijesti - Leo Radman\",\"isPartOf\":{\"@id\":\"http:\/\/leoradman.com\/hr\/#website\"},\"datePublished\":\"2024-07-17T14:23:44+00:00\",\"dateModified\":\"2024-08-02T10:03:36+00:00\",\"description\":\"Pravne obavijesti. Pristup ili rad ove stranice predstavlja prihva\u0107anje ovih odredbi: Ova stranica i informacije, \u2026\",\"breadcrumb\":{\"@id\":\"http:\/\/leoradman.com\/hr\/pravne-obavijesti-leo-radman\/#breadcrumb\"},\"inLanguage\":\"hr\",\"potentialAction\":[{\"@type\":\"ReadAction\",\"target\":[\"http:\/\/leoradman.com\/hr\/pravne-obavijesti-leo-radman\/\"]}]},{\"@type\":\"BreadcrumbList\",\"@id\":\"http:\/\/leoradman.com\/hr\/pravne-obavijesti-leo-radman\/#breadcrumb\",\"itemListElement\":[{\"@type\":\"ListItem\",\"position\":1,\"name\":\"Accueil\",\"item\":\"http:\/\/leoradman.com\/hr\/\"},{\"@type\":\"ListItem\",\"position\":2,\"name\":\"Pravne obavijesti\"}]},{\"@type\":\"WebSite\",\"@id\":\"http:\/\/leoradman.com\/hr\/#website\",\"url\":\"http:\/\/leoradman.com\/hr\/\",\"name\":\"Leo Radman\",\"description\":\"\",\"publisher\":{\"@id\":\"http:\/\/leoradman.com\/hr\/#organization\"},\"potentialAction\":[{\"@type\":\"SearchAction\",\"target\":{\"@type\":\"EntryPoint\",\"urlTemplate\":\"http:\/\/leoradman.com\/hr\/?s={search_term_string}\"},\"query-input\":{\"@type\":\"PropertyValueSpecification\",\"valueRequired\":true,\"valueName\":\"search_term_string\"}}],\"inLanguage\":\"hr\"},{\"@type\":\"Organization\",\"@id\":\"http:\/\/leoradman.com\/hr\/#organization\",\"name\":\"Leo Radman\",\"url\":\"http:\/\/leoradman.com\/hr\/\",\"logo\":{\"@type\":\"ImageObject\",\"inLanguage\":\"hr\",\"@id\":\"http:\/\/leoradman.com\/hr\/#\/schema\/logo\/image\/\",\"url\":\"http:\/\/leoradman.com\/wp-content\/uploads\/leoradman-logo.svg\",\"contentUrl\":\"http:\/\/leoradman.com\/wp-content\/uploads\/leoradman-logo.svg\",\"width\":1,\"height\":1,\"caption\":\"Leo Radman\"},\"image\":{\"@id\":\"http:\/\/leoradman.com\/hr\/#\/schema\/logo\/image\/\"}}]}<\/script>\n<!-- \/ Yoast SEO plugin. -->","yoast_head_json":{"title":"Pravne obavijesti - Leo Radman","description":"Pravne obavijesti. Pristup ili rad ove stranice predstavlja prihva\u0107anje ovih odredbi: Ova stranica i informacije, \u2026","robots":{"index":"index","follow":"follow","max-snippet":"max-snippet:-1","max-image-preview":"max-image-preview:large","max-video-preview":"max-video-preview:-1"},"canonical":"http:\/\/leoradman.com\/hr\/pravne-obavijesti-leo-radman\/","og_locale":"hr_HR","og_type":"article","og_title":"Pravne obavijesti - Leo Radman","og_description":"Pravne obavijesti. Pristup ili rad ove stranice predstavlja prihva\u0107anje ovih odredbi: Ova stranica i informacije, \u2026","og_url":"http:\/\/leoradman.com\/hr\/pravne-obavijesti-leo-radman\/","og_site_name":"Leo Radman","article_modified_time":"2024-08-02T10:03:36+00:00","twitter_card":"summary_large_image","twitter_misc":{"Procijenjeno vrijeme \u010ditanja":"1 minuta"},"schema":{"@context":"https:\/\/schema.org","@graph":[{"@type":"WebPage","@id":"http:\/\/leoradman.com\/hr\/pravne-obavijesti-leo-radman\/","url":"http:\/\/leoradman.com\/hr\/pravne-obavijesti-leo-radman\/","name":"Pravne obavijesti - Leo Radman","isPartOf":{"@id":"http:\/\/leoradman.com\/hr\/#website"},"datePublished":"2024-07-17T14:23:44+00:00","dateModified":"2024-08-02T10:03:36+00:00","description":"Pravne obavijesti. Pristup ili rad ove stranice predstavlja prihva\u0107anje ovih odredbi: Ova stranica i informacije, \u2026","breadcrumb":{"@id":"http:\/\/leoradman.com\/hr\/pravne-obavijesti-leo-radman\/#breadcrumb"},"inLanguage":"hr","potentialAction":[{"@type":"ReadAction","target":["http:\/\/leoradman.com\/hr\/pravne-obavijesti-leo-radman\/"]}]},{"@type":"BreadcrumbList","@id":"http:\/\/leoradman.com\/hr\/pravne-obavijesti-leo-radman\/#breadcrumb","itemListElement":[{"@type":"ListItem","position":1,"name":"Accueil","item":"http:\/\/leoradman.com\/hr\/"},{"@type":"ListItem","position":2,"name":"Pravne obavijesti"}]},{"@type":"WebSite","@id":"http:\/\/leoradman.com\/hr\/#website","url":"http:\/\/leoradman.com\/hr\/","name":"Leo Radman","description":"","publisher":{"@id":"http:\/\/leoradman.com\/hr\/#organization"},"potentialAction":[{"@type":"SearchAction","target":{"@type":"EntryPoint","urlTemplate":"http:\/\/leoradman.com\/hr\/?s={search_term_string}"},"query-input":{"@type":"PropertyValueSpecification","valueRequired":true,"valueName":"search_term_string"}}],"inLanguage":"hr"},{"@type":"Organization","@id":"http:\/\/leoradman.com\/hr\/#organization","name":"Leo Radman","url":"http:\/\/leoradman.com\/hr\/","logo":{"@type":"ImageObject","inLanguage":"hr","@id":"http:\/\/leoradman.com\/hr\/#\/schema\/logo\/image\/","url":"http:\/\/leoradman.com\/wp-content\/uploads\/leoradman-logo.svg","contentUrl":"http:\/\/leoradman.com\/wp-content\/uploads\/leoradman-logo.svg","width":1,"height":1,"caption":"Leo Radman"},"image":{"@id":"http:\/\/leoradman.com\/hr\/#\/schema\/logo\/image\/"}}]}},"_links":{"self":[{"href":"http:\/\/leoradman.com\/hr\/wp-json\/wp\/v2\/pages\/305","targetHints":{"allow":["GET"]}}],"collection":[{"href":"http:\/\/leoradman.com\/hr\/wp-json\/wp\/v2\/pages"}],"about":[{"href":"http:\/\/leoradman.com\/hr\/wp-json\/wp\/v2\/types\/page"}],"author":[{"embeddable":true,"href":"http:\/\/leoradman.com\/hr\/wp-json\/wp\/v2\/users\/1"}],"replies":[{"embeddable":true,"href":"http:\/\/leoradman.com\/hr\/wp-json\/wp\/v2\/comments?post=305"}],"version-history":[{"count":4,"href":"http:\/\/leoradman.com\/hr\/wp-json\/wp\/v2\/pages\/305\/revisions"}],"predecessor-version":[{"id":441,"href":"http:\/\/leoradman.com\/hr\/wp-json\/wp\/v2\/pages\/305\/revisions\/441"}],"wp:attachment":[{"href":"http:\/\/leoradman.com\/hr\/wp-json\/wp\/v2\/media?parent=305"}],"curies":[{"name":"wp","href":"https:\/\/api.w.org\/{rel}","templated":true}]}}