{"id":297,"date":"2024-07-17T14:33:01","date_gmt":"2024-07-17T14:33:01","guid":{"rendered":"http:\/\/leoradman.com\/?page_id=297"},"modified":"2024-11-08T12:49:51","modified_gmt":"2024-11-08T12:49:51","slug":"bitnost-leo-radman","status":"publish","type":"page","link":"http:\/\/leoradman.com\/hr\/bitnost-leo-radman\/","title":{"rendered":"Bitnost"},"content":{"rendered":"<section class=\"about-content-container\">\n    <div class=\"about-content-wrapper\">\n        <div class=\"about-content-grey\">\n                        <div class=\"about-content-img-frame\">\n                <img decoding=\"async\" src=\"http:\/\/leoradman.com\/wp-content\/uploads\/Atelier1-e1731062194740.jpg\" alt=\"\">\n            <\/div>\n                    <\/div>\n        <div class=\"about-content-white\">\n            <div class=\"about-content-resume\">\n                                    <h3>\u201cNeobuzdana i autenti\u010dna umjetnost\u201d<\/h3>\n                                                    <div class=\"about-wysi-container\">\n                        <p id=\"tw-target-text\" class=\"tw-data-text tw-text-large tw-ta\" dir=\"ltr\" style=\"text-align: center;\" data-placeholder=\"Traduction\" data-ved=\"2ahUKEwiGl9jN5cmJAxVMcKQEHXnZDhkQ3ewLegQICRAU\" aria-label=\"Texte traduit\u00a0: Dizajner po obrazovanju, ali slikar po vokaciji L\u00e9o Radman svoj je put trasirao kroz neobuzdanu i autenti\u010dnu umjetnost. Dijete Jadrana, njegovu du\u0161u hranili su spokojni horizonti i morski mete\u017e, strast koja pro\u017eima svaki potez kistom. Slikarstvo za njega nadilazi jednostavan odu\u0161ak, ono je osloba\u0111anje u kojem on hvata trenutak, osje\u0107aj i dojam sa zadivljuju\u0107im intenzitetom.\"><span class=\"Y2IQFc\" lang=\"hr\">Dizajner po obrazovanju, ali slikar po vokaciji L\u00e9o Radman svoj je put trasirao kroz neobuzdanu i autenti\u010dnu umjetnost. Dijete Jadrana, njegovu du\u0161u hranili su spokojni horizonti i morski mete\u017e, strast koja pro\u017eima svaki potez kistom. Slikarstvo za njega nadilazi jednostavan odu\u0161ak, ono je osloba\u0111anje u kojem on hvata trenutak, osje\u0107aj i dojam sa zadivljuju\u0107im intenzitetom.<\/span><\/p>\n<p style=\"text-align: center;\">U umjetnikovom studiju u Bordeauxu, trenuci \u017eivota poprimaju oblik na platnu, a svaki detalj otkriva istra\u017eivanje izme\u0111u doslovnosti i apstrakcije. Njegova djela o\u017eivljavaju kroz vje\u0161tu upotrebu jarkih boja i uljanih boja bogatih pigmentima, daju\u0107i dinami\u010dna i ekspresivna platna koja svojim vizualnim intenzitetom plijene pozornost.<\/p>\n<p style=\"text-align: center;\">Ovaj \u0161areni i pedantni svemir stoji poput mosta izme\u0111u vidljivog i neuhvatljivog. Gdje neki vide slikarstvo, L\u00e9o Radman nudi vizualni do\u017eivljaj koji nadilazi stvarnost, ples izme\u0111u boja i oblika koji zahva\u0107a samu bit prolaznog. U njegovom radu prirodno se name\u0107e pitanje: nije li radnja ono \u0161to emocionalna gusto\u0107a dose\u017ee svoj vrhunac? Svako platno tako postaje svjedok, mjera veli\u010dine trenutka urezana u sje\u0107anje.<\/p>\n<p style=\"text-align: center;\">Radovi ne predstavljaju samo stvarnost, oni prepisuju njenu bit. Umjetnik nas poziva na osjetilno uranjanje, gdje boje vibriraju, gdje teksture pri\u010daju pri\u010du, gdje se oblici isprepli\u0107u stvaraju\u0107i sirovu emociju. Svako platno tako postaje istra\u017eivanje ljudskog stanja, ogledalo koje odra\u017eava du\u0161u umjetnika i njegovog doba, ostavljaju\u0107i prostor za osobnu interpretaciju. U potpunosti dio suvremene umjetnosti, umjetnik svoju inspiraciju crpi iz velikih umjetni\u010dkih pokreta iz pro\u0161losti, dok ponovno izmi\u0161lja kodove kako bi ih prilagodio stvarnosti i brigama na\u0161eg vremena. U svijetu koji se neprestano razvija, njegove kreacije nude stanku, zamrznuti trenutak koji nas tjera da razmi\u0161ljamo, osje\u0107amo i vidimo dalje od izgleda.<\/p>\n                    <\/div>\n                            <\/div>\n        <\/div>\n    <\/div>\n<\/section>\n\n\n<div id=\"block_339b4bc173e6b5fbaa462646b72b1a8e\" class=\"spacer-block   \" style=\"height: 10vh;\"><\/div>\n\n<section class=\"events-container \">\n    <div class=\"events-wrapper\">\n        <div class=\"events-title\">\n                        <h3>Vijesti &#038; doga\u0111anja<\/h3>\n        <\/div>\n        <div class=\"events-items\">\n            <div class=\"events-left-arrow\"><svg xmlns=\"http:\/\/www.w3.org\/2000\/svg\" width=\"35\" height=\"35\" viewBox=\"0 0 35 35\" fill=\"none\">\n                <circle cx=\"17.5\" cy=\"17.5\" r=\"16.9167\" transform=\"rotate(90 17.5 17.5)\" stroke=\"#3B3B3B\" stroke-width=\"1.16667\"\/>\n                <path d=\"M20.9062 17.8536L20.9062 17.8536C21.1206 17.6392 21.1206 17.2894 20.9062 17.075L15.2916 11.4604C15.1817 11.3505 15.0414 11.2985 14.9 11.2985C14.7598 11.2985 14.6175 11.3537 14.5107 11.4604C14.2964 11.6748 14.2964 12.0246 14.5107 12.239L19.7361 17.4643L14.5886 22.6117C14.3743 22.8261 14.3743 23.1759 14.5886 23.3903C14.8029 23.6046 15.1528 23.6046 15.3671 23.3903C15.3671 23.3903 15.3671 23.3903 15.3672 23.3903L20.9062 17.8536Z\" fill=\"#3B3B3B\" stroke=\"#3B3B3B\" stroke-width=\"0.3\"\/>\n                <\/svg>\n            <\/div>\n            <div class=\"events-items-row\">\n                <div>\n                                                        <div class=\"event-item\">\n                        <div class=\"event-item-frame\">\n                                                            <img decoding=\"async\" src=\"http:\/\/leoradman.com\/wp-content\/uploads\/DSC03899-e1731068893113.jpg\" alt=\"\">\n                                                        <div class=\"event-item-content\">\n                                                                    <p class=\"item-vignette-title\">&#8220;Workshop&#8221;<\/p>\n                                                                                                    <p class=\"item-vignette-sub\">Dani otvorenih radionica<\/p>\n                                                                                                    <p class=\"item-vignette-date\">21. studenog do 24. studenog 2024<\/p>\n                                                            <\/div>\n                        <\/div>\n                    <\/div>\n                                \n                                                <div class=\"event-item\">\n                        <div class=\"event-item-frame\">\n                                                            <img decoding=\"async\" src=\"http:\/\/leoradman.com\/wp-content\/uploads\/Affiche-A3-RVB-Cest-nous-le-printemps.jpg\" alt=\"\">\n                                                        <div class=\"event-item-content\">\n                                                                    <p class=\"item-vignette-title\">\u201cC\u2019est nous le printemps\u201d<\/p>\n                                                                                                    <p class=\"item-vignette-sub\">Izlo\u017eba, Laps Design<\/p>\n                                                                                                    <p class=\"item-vignette-date\">Od 28. o\u017eujka do 18. travnja 2024<\/p>\n                                                            <\/div>\n                        <\/div>\n                    <\/div>\n                                \n                                                <div class=\"event-item\">\n                        <div class=\"event-item-frame\">\n                                                            <img decoding=\"async\" src=\"http:\/\/leoradman.com\/wp-content\/uploads\/DSC03892.jpg\" alt=\"\">\n                                                        <div class=\"event-item-content\">\n                                                                    <p class=\"item-vignette-title\">\u201cUn cordon pour la vie\u201d<\/p>\n                                                                                                    <p class=\"item-vignette-sub\">Humanitarna aukcija<\/p>\n                                                                                                    <p class=\"item-vignette-date\"> 23. studenog 2024<\/p>\n                                                            <\/div>\n                        <\/div>\n                    <\/div>\n                                \n                            <\/div>\n                <\/div>\n            <div class=\"events-right-arrow\"><svg xmlns=\"http:\/\/www.w3.org\/2000\/svg\" width=\"35\" height=\"35\" viewBox=\"0 0 35 35\" fill=\"none\">\n                <circle cx=\"17.5\" cy=\"17.5\" r=\"16.9167\" transform=\"rotate(90 17.5 17.5)\" stroke=\"#3B3B3B\" stroke-width=\"1.16667\"\/>\n                <path d=\"M20.9062 17.8536L20.9062 17.8536C21.1206 17.6392 21.1206 17.2894 20.9062 17.075L15.2916 11.4604C15.1817 11.3505 15.0414 11.2985 14.9 11.2985C14.7598 11.2985 14.6175 11.3537 14.5107 11.4604C14.2964 11.6748 14.2964 12.0246 14.5107 12.239L19.7361 17.4643L14.5886 22.6117C14.3743 22.8261 14.3743 23.1759 14.5886 23.3903C14.8029 23.6046 15.1528 23.6046 15.3671 23.3903C15.3671 23.3903 15.3671 23.3903 15.3672 23.3903L20.9062 17.8536Z\" fill=\"#3B3B3B\" stroke=\"#3B3B3B\" stroke-width=\"0.3\"\/>\n                <\/svg>\n            <\/div>\n        <\/div>\n        <div class=\"events-items-modals\">\n                                                        <div class=\"event-item-modal\">\n                        <div class=\"event-item-frame-modal\">\n                                                            <img decoding=\"async\" src=\"http:\/\/leoradman.com\/wp-content\/uploads\/DSC03899-e1731068893113.jpg\" alt=\"\">\n                                                        <div class=\"event-item-modal-content\">\n                                                                    <p class=\"item-modal-title\">&#8220;Workshop&#8221;<\/p>\n                                                                                                    <div class=\"item-modal-content\"><p><span class=\"Y2IQFc\" lang=\"hr\">Dani otvorenih radionica<\/p>\n<p>Od 21. studenog do 24. studenog 2024. na radionici Bordeaux<\/span><\/p>\n<\/div>\n                                                            <\/div>\n                        <\/div>\n                    <\/div>\n                                                                <div class=\"event-item-modal\">\n                        <div class=\"event-item-frame-modal\">\n                                                            <img decoding=\"async\" src=\"http:\/\/leoradman.com\/wp-content\/uploads\/IMG_2707-e1731068855347.jpg\" alt=\"\">\n                                                        <div class=\"event-item-modal-content\">\n                                                                    <p class=\"item-modal-title\">\u201cC\u2019est nous le printemps\u201d<\/p>\n                                                                                                    <div class=\"item-modal-content\"><p>Izlo\u017eba, Laps Design<\/p>\n<p>Od 28. o\u017eujka do 18. travnja 2024. skupna izlo\u017eba bordo\u0161ke radionice.<\/p>\n<\/div>\n                                                            <\/div>\n                        <\/div>\n                    <\/div>\n                                                                <div class=\"event-item-modal\">\n                        <div class=\"event-item-frame-modal\">\n                                                            <img decoding=\"async\" src=\"http:\/\/leoradman.com\/wp-content\/uploads\/DSC03892.jpg\" alt=\"\">\n                                                        <div class=\"event-item-modal-content\">\n                                                                    <p class=\"item-modal-title\">\u201cUn cordon pour la vie\u201d<\/p>\n                                                                                                    <div class=\"item-modal-content\"><p>Humanitarna aukcija &#8211; 23.11.2024<\/p>\n<p>Sudjelovanje u aukcijama za potporu udruzi<\/p>\n<\/div>\n                                                            <\/div>\n                        <\/div>\n                    <\/div>\n                                            <\/div>\n    <\/div>\n<\/section>\n\n\n<div id=\"block_339b4bc173e6b5fbaa462646b72b1a8e\" class=\"spacer-block   \" style=\"height: 10vh;\"><\/div>\n\n\n<div> \n<\/div>\n\n<\/section>\n\n\n\n\n<div id=\"block_339b4bc173e6b5fbaa462646b72b1a8e\" class=\"spacer-block   \" style=\"height: 10vh;\"><\/div>","protected":false},"excerpt":{"rendered":"","protected":false},"author":1,"featured_media":0,"parent":0,"menu_order":0,"comment_status":"closed","ping_status":"closed","template":"","meta":{"_acf_changed":false,"footnotes":""},"class_list":["post-297","page","type-page","status-publish","hentry"],"acf":[],"yoast_head":"<!-- This site is optimized with the Yoast SEO plugin v23.9 - https:\/\/yoast.com\/wordpress\/plugins\/seo\/ -->\n<title>Bitnost - Leo Radman<\/title>\n<meta name=\"description\" content=\"Dizajner po obrazovanju, ali slikar po pozivu, L\u00e9o Radman svoj je put provukao kroz neobuzdanu i autenti\u010dnu umjetnost.\" \/>\n<meta name=\"robots\" content=\"index, follow, max-snippet:-1, max-image-preview:large, max-video-preview:-1\" \/>\n<link rel=\"canonical\" href=\"http:\/\/leoradman.com\/hr\/bitnost-leo-radman\/\" \/>\n<meta property=\"og:locale\" content=\"hr_HR\" \/>\n<meta property=\"og:type\" content=\"article\" \/>\n<meta property=\"og:title\" content=\"Bitnost - Leo Radman\" \/>\n<meta property=\"og:description\" content=\"Dizajner po obrazovanju, ali slikar po pozivu, L\u00e9o Radman svoj je put provukao kroz neobuzdanu i autenti\u010dnu umjetnost.\" \/>\n<meta property=\"og:url\" content=\"http:\/\/leoradman.com\/hr\/bitnost-leo-radman\/\" \/>\n<meta property=\"og:site_name\" content=\"Leo Radman\" \/>\n<meta property=\"article:modified_time\" content=\"2024-11-08T12:49:51+00:00\" \/>\n<meta name=\"twitter:card\" content=\"summary_large_image\" \/>\n<script type=\"application\/ld+json\" class=\"yoast-schema-graph\">{\"@context\":\"https:\/\/schema.org\",\"@graph\":[{\"@type\":\"WebPage\",\"@id\":\"http:\/\/leoradman.com\/hr\/bitnost-leo-radman\/\",\"url\":\"http:\/\/leoradman.com\/hr\/bitnost-leo-radman\/\",\"name\":\"Bitnost - Leo Radman\",\"isPartOf\":{\"@id\":\"http:\/\/leoradman.com\/hr\/#website\"},\"datePublished\":\"2024-07-17T14:33:01+00:00\",\"dateModified\":\"2024-11-08T12:49:51+00:00\",\"description\":\"Dizajner po obrazovanju, ali slikar po pozivu, L\u00e9o Radman svoj je put provukao kroz neobuzdanu i autenti\u010dnu umjetnost.\",\"breadcrumb\":{\"@id\":\"http:\/\/leoradman.com\/hr\/bitnost-leo-radman\/#breadcrumb\"},\"inLanguage\":\"hr\",\"potentialAction\":[{\"@type\":\"ReadAction\",\"target\":[\"http:\/\/leoradman.com\/hr\/bitnost-leo-radman\/\"]}]},{\"@type\":\"BreadcrumbList\",\"@id\":\"http:\/\/leoradman.com\/hr\/bitnost-leo-radman\/#breadcrumb\",\"itemListElement\":[{\"@type\":\"ListItem\",\"position\":1,\"name\":\"Accueil\",\"item\":\"http:\/\/leoradman.com\/hr\/\"},{\"@type\":\"ListItem\",\"position\":2,\"name\":\"Bitnost\"}]},{\"@type\":\"WebSite\",\"@id\":\"http:\/\/leoradman.com\/hr\/#website\",\"url\":\"http:\/\/leoradman.com\/hr\/\",\"name\":\"Leo Radman\",\"description\":\"\",\"publisher\":{\"@id\":\"http:\/\/leoradman.com\/hr\/#organization\"},\"potentialAction\":[{\"@type\":\"SearchAction\",\"target\":{\"@type\":\"EntryPoint\",\"urlTemplate\":\"http:\/\/leoradman.com\/hr\/?s={search_term_string}\"},\"query-input\":{\"@type\":\"PropertyValueSpecification\",\"valueRequired\":true,\"valueName\":\"search_term_string\"}}],\"inLanguage\":\"hr\"},{\"@type\":\"Organization\",\"@id\":\"http:\/\/leoradman.com\/hr\/#organization\",\"name\":\"Leo Radman\",\"url\":\"http:\/\/leoradman.com\/hr\/\",\"logo\":{\"@type\":\"ImageObject\",\"inLanguage\":\"hr\",\"@id\":\"http:\/\/leoradman.com\/hr\/#\/schema\/logo\/image\/\",\"url\":\"http:\/\/leoradman.com\/wp-content\/uploads\/leoradman-logo.svg\",\"contentUrl\":\"http:\/\/leoradman.com\/wp-content\/uploads\/leoradman-logo.svg\",\"width\":1,\"height\":1,\"caption\":\"Leo Radman\"},\"image\":{\"@id\":\"http:\/\/leoradman.com\/hr\/#\/schema\/logo\/image\/\"}}]}<\/script>\n<!-- \/ Yoast SEO plugin. -->","yoast_head_json":{"title":"Bitnost - Leo Radman","description":"Dizajner po obrazovanju, ali slikar po pozivu, L\u00e9o Radman svoj je put provukao kroz neobuzdanu i autenti\u010dnu umjetnost.","robots":{"index":"index","follow":"follow","max-snippet":"max-snippet:-1","max-image-preview":"max-image-preview:large","max-video-preview":"max-video-preview:-1"},"canonical":"http:\/\/leoradman.com\/hr\/bitnost-leo-radman\/","og_locale":"hr_HR","og_type":"article","og_title":"Bitnost - Leo Radman","og_description":"Dizajner po obrazovanju, ali slikar po pozivu, L\u00e9o Radman svoj je put provukao kroz neobuzdanu i autenti\u010dnu umjetnost.","og_url":"http:\/\/leoradman.com\/hr\/bitnost-leo-radman\/","og_site_name":"Leo Radman","article_modified_time":"2024-11-08T12:49:51+00:00","twitter_card":"summary_large_image","schema":{"@context":"https:\/\/schema.org","@graph":[{"@type":"WebPage","@id":"http:\/\/leoradman.com\/hr\/bitnost-leo-radman\/","url":"http:\/\/leoradman.com\/hr\/bitnost-leo-radman\/","name":"Bitnost - Leo Radman","isPartOf":{"@id":"http:\/\/leoradman.com\/hr\/#website"},"datePublished":"2024-07-17T14:33:01+00:00","dateModified":"2024-11-08T12:49:51+00:00","description":"Dizajner po obrazovanju, ali slikar po pozivu, L\u00e9o Radman svoj je put provukao kroz neobuzdanu i autenti\u010dnu umjetnost.","breadcrumb":{"@id":"http:\/\/leoradman.com\/hr\/bitnost-leo-radman\/#breadcrumb"},"inLanguage":"hr","potentialAction":[{"@type":"ReadAction","target":["http:\/\/leoradman.com\/hr\/bitnost-leo-radman\/"]}]},{"@type":"BreadcrumbList","@id":"http:\/\/leoradman.com\/hr\/bitnost-leo-radman\/#breadcrumb","itemListElement":[{"@type":"ListItem","position":1,"name":"Accueil","item":"http:\/\/leoradman.com\/hr\/"},{"@type":"ListItem","position":2,"name":"Bitnost"}]},{"@type":"WebSite","@id":"http:\/\/leoradman.com\/hr\/#website","url":"http:\/\/leoradman.com\/hr\/","name":"Leo Radman","description":"","publisher":{"@id":"http:\/\/leoradman.com\/hr\/#organization"},"potentialAction":[{"@type":"SearchAction","target":{"@type":"EntryPoint","urlTemplate":"http:\/\/leoradman.com\/hr\/?s={search_term_string}"},"query-input":{"@type":"PropertyValueSpecification","valueRequired":true,"valueName":"search_term_string"}}],"inLanguage":"hr"},{"@type":"Organization","@id":"http:\/\/leoradman.com\/hr\/#organization","name":"Leo Radman","url":"http:\/\/leoradman.com\/hr\/","logo":{"@type":"ImageObject","inLanguage":"hr","@id":"http:\/\/leoradman.com\/hr\/#\/schema\/logo\/image\/","url":"http:\/\/leoradman.com\/wp-content\/uploads\/leoradman-logo.svg","contentUrl":"http:\/\/leoradman.com\/wp-content\/uploads\/leoradman-logo.svg","width":1,"height":1,"caption":"Leo Radman"},"image":{"@id":"http:\/\/leoradman.com\/hr\/#\/schema\/logo\/image\/"}}]}},"_links":{"self":[{"href":"http:\/\/leoradman.com\/hr\/wp-json\/wp\/v2\/pages\/297","targetHints":{"allow":["GET"]}}],"collection":[{"href":"http:\/\/leoradman.com\/hr\/wp-json\/wp\/v2\/pages"}],"about":[{"href":"http:\/\/leoradman.com\/hr\/wp-json\/wp\/v2\/types\/page"}],"author":[{"embeddable":true,"href":"http:\/\/leoradman.com\/hr\/wp-json\/wp\/v2\/users\/1"}],"replies":[{"embeddable":true,"href":"http:\/\/leoradman.com\/hr\/wp-json\/wp\/v2\/comments?post=297"}],"version-history":[{"count":10,"href":"http:\/\/leoradman.com\/hr\/wp-json\/wp\/v2\/pages\/297\/revisions"}],"predecessor-version":[{"id":978,"href":"http:\/\/leoradman.com\/hr\/wp-json\/wp\/v2\/pages\/297\/revisions\/978"}],"wp:attachment":[{"href":"http:\/\/leoradman.com\/hr\/wp-json\/wp\/v2\/media?parent=297"}],"curies":[{"name":"wp","href":"https:\/\/api.w.org\/{rel}","templated":true}]}}